{"id":1482,"date":"2022-05-05T14:06:23","date_gmt":"2022-05-05T12:06:23","guid":{"rendered":"https:\/\/treeztools.happystaging.de\/contact-us\/"},"modified":"2024-10-07T14:22:49","modified_gmt":"2024-10-07T12:22:49","slug":"contact-us","status":"publish","type":"page","link":"https:\/\/treeztools.happystaging.de\/en\/contact-us\/","title":{"rendered":"Contact"},"content":{"rendered":"\n\n\t<section class=\"section dark\" id=\"section_806639932\">\n\t\t<div class=\"section-bg fill\" >\n\t\t\t\t\t\t\t\t\t\n\t\t\t\n\n\t\t<\/div>\n\n\t\t\n\n\t\t<div class=\"section-content relative\">\n\t\t\t\n\n<div class=\"row\"  id=\"row-1230646233\">\n\n\n\t<div id=\"col-839361821\" class=\"col small-12 large-12\"  >\n\t\t\t\t<div class=\"col-inner text-center\"  >\n\t\t\t\n\t\t\t\n\n\t<div id=\"text-4044715893\" class=\"text\">\n\t\t\n\n<h2 style=\"font-size: 200%;\">MELDE DICH BEI UNS<\/h2>\n<p>Wir w\u00fcrden uns freuen, von Dir zu h\u00f6ren. Hier erf\u00e4hrst Du, wie Du uns erreichen kannst\u2026<\/p>\n\t\t\n<style>\n#text-4044715893 {\n  color: #201d4f;\n}\n#text-4044715893 > * {\n  color: #201d4f;\n}\n<\/style>\n\t<\/div>\n\t\n\n\t\t<\/div>\n\t\t\t\t\n<style>\n#col-839361821 > .col-inner {\n  padding: 20px 0px 0px 0px;\n}\n<\/style>\n\t<\/div>\n\n\t\n\n<\/div>\n\n\t\t<\/div>\n\n\t\t\n<style>\n#section_806639932 {\n  padding-top: 140px;\n  padding-bottom: 140px;\n  background-color: rgb(255, 255, 255);\n}\n<\/style>\n\t<\/section>\n\t\n\n\t<section class=\"section\" id=\"section_1326227966\">\n\t\t<div class=\"section-bg fill\" >\n\t\t\t\t\t\t\t\t\t\n\t\t\t\n\n\t\t<\/div>\n\n\t\t\n\n\t\t<div class=\"section-content relative\">\n\t\t\t\n\n<div class=\"row\"  id=\"row-2091201005\">\n\n\n\t<div id=\"col-537513806\" class=\"col small-12 large-12\"  >\n\t\t\t\t<div class=\"col-inner\"  >\n\t\t\t\n\t\t\t\n\n<div class=\"row align-equal\"  id=\"row-721798774\">\n\n\n\t<div id=\"col-1707602468\" class=\"col small-12 large-12\"  >\n\t\t\t\t<div class=\"col-inner text-center box-shadow-3\"  >\n\t\t\t\n\t\t\t\n\n\t<div id=\"text-2178169184\" class=\"text\">\n\t\t\n\n<h3>Stelle eine Frage<\/h3>\n\t\t\n<style>\n#text-2178169184 {\n  color: rgb(32, 29, 79);\n}\n#text-2178169184 > * {\n  color: rgb(32, 29, 79);\n}\n<\/style>\n\t<\/div>\n\t\n<div class=\"is-divider divider clearfix\" ><\/div>\n\n<div class=\"row align-center\"  id=\"row-1545844174\">\n\n\n\t<div id=\"col-1362178995\" class=\"col medium-11 small-12 large-9\"  >\n\t\t\t\t<div class=\"col-inner text-left\"  >\n\t\t\t\n\t\t\t\n\n<p class=\"wpcf7-contact-form-not-found\"><strong>Error:<\/strong> Contact form not found.<\/p>\n\n\n\t\t<\/div>\n\t\t\t\t\t<\/div>\n\n\t\n\n<\/div>\n\n\t\t<\/div>\n\t\t\t\t\t<\/div>\n\n\t\n\n\n<style>\n#row-721798774 > .col > .col-inner {\n  padding: 40px 40px 40px 40px;\n  background-color: rgb(255,255,255);\n}\n<\/style>\n<\/div>\n\n\t\t<\/div>\n\t\t\t\t\n<style>\n#col-537513806 > .col-inner {\n  margin: -100px 0px 0px 0px;\n}\n<\/style>\n\t<\/div>\n\n\t\n\n<\/div>\n\n\t\t<\/div>\n\n\t\t\n<style>\n#section_1326227966 {\n  padding-top: 30px;\n  padding-bottom: 30px;\n}\n<\/style>\n\t<\/section>\n\t\n\n","protected":false},"excerpt":{"rendered":"","protected":false},"author":1,"featured_media":0,"parent":0,"menu_order":0,"comment_status":"closed","ping_status":"closed","template":"","meta":{"footnotes":""},"class_list":["post-1482","page","type-page","status-publish","hentry"],"_links":{"self":[{"href":"https:\/\/treeztools.happystaging.de\/en\/wp-json\/wp\/v2\/pages\/1482","targetHints":{"allow":["GET"]}}],"collection":[{"href":"https:\/\/treeztools.happystaging.de\/en\/wp-json\/wp\/v2\/pages"}],"about":[{"href":"https:\/\/treeztools.happystaging.de\/en\/wp-json\/wp\/v2\/types\/page"}],"author":[{"embeddable":true,"href":"https:\/\/treeztools.happystaging.de\/en\/wp-json\/wp\/v2\/users\/1"}],"replies":[{"embeddable":true,"href":"https:\/\/treeztools.happystaging.de\/en\/wp-json\/wp\/v2\/comments?post=1482"}],"version-history":[{"count":0,"href":"https:\/\/treeztools.happystaging.de\/en\/wp-json\/wp\/v2\/pages\/1482\/revisions"}],"wp:attachment":[{"href":"https:\/\/treeztools.happystaging.de\/en\/wp-json\/wp\/v2\/media?parent=1482"}],"curies":[{"name":"wp","href":"https:\/\/api.w.org\/{rel}","templated":true}]}}